{"id":156,"date":"2025-07-14T14:06:01","date_gmt":"2025-07-14T14:06:01","guid":{"rendered":"https:\/\/sites.realtimewebmasters.com\/~on3clllg91347\/?page_id=156"},"modified":"2025-11-20T21:30:01","modified_gmt":"2025-11-20T21:30:01","slug":"blog","status":"publish","type":"page","link":"https:\/\/www.onecalllegal.com\/es\/blog\/","title":{"rendered":"Blog"},"content":{"rendered":"<h1>Blogs<\/h1>\n\t\t\t<a href=\"https:\/\/www.onecalllegal.com\/es\/contacto\/\" target=\"_self\">\n\t\t\t\t\t\t\tProgramar consulta\n\t\t\t\t\t<\/a>\n\t\t\t\t<img decoding=\"async\" src=\"https:\/\/www.onecalllegal.com\/wp-content\/uploads\/2025\/11\/updated-rating.webp\" alt=\"calificaci\u00f3n actualizada\" itemprop=\"image\" height=\"50\" width=\"245\" title=\"calificaci\u00f3n actualizada\" onerror=\"this.style.display='none'\" loading=\"lazy\" \/>\n\t\t<h2>\n\t\t\tSolicite ayuda legal inmediata despu\u00e9s de una lesi\u00f3n\n\t\t<\/h2>\n\t\t\t<p>Don&#8217;t let insurance companies control your future. If you or a loved one has been hurt, connecting with a personal injury attorney in Miami, FL can help you better understand your legal options. OneCallLegal is available 24 hours a day, 7 days a week, to discuss your situation. We&#8217;re here to listen. Contact us to arrange a consultation at your convenience.<\/p>\t\t\n\t<a href=\"https:\/\/www.onecalllegal.com\/es\/contacto\/\" target=\"_self\" role=\"button\" aria-label=\"Programar consulta\">\n\t\t\t\t\t\tProgramar consulta\n\t\t\t\t\t<\/a>","protected":false},"excerpt":{"rendered":"<p>Blogs Schedule Consultation Call for Immediate Legal Help After an Injury Don&#8217;t let insurance companies control your future. If you or a loved one has been hurt, connecting with a personal injury attorney in Miami, FL can help you better understand your legal options. OneCallLegal is available 24 hours a day, 7 days a week,&hellip;<\/p>","protected":false},"author":1,"featured_media":1289,"parent":0,"menu_order":0,"comment_status":"closed","ping_status":"closed","template":"","meta":{"footnotes":""},"class_list":["post-156","page","type-page","status-publish","has-post-thumbnail","hentry"],"yoast_head":"<!-- This site is optimized with the Yoast SEO plugin v27.4 - https:\/\/yoast.com\/product\/yoast-seo-wordpress\/ -->\n<title>Legal Insights &amp; Updates | One Call Legal Blog<\/title>\n<meta name=\"description\" content=\"Stay informed with One Call Legal\u2019s blog. Explore expert insights, legal updates, and practical advice to help you understand your rights and options.\" \/>\n<meta name=\"robots\" content=\"index, follow, max-snippet:-1, max-image-preview:large, max-video-preview:-1\" \/>\n<link rel=\"canonical\" href=\"https:\/\/www.onecalllegal.com\/es\/blog\/\" \/>\n<meta property=\"og:locale\" content=\"es_MX\" \/>\n<meta property=\"og:type\" content=\"article\" \/>\n<meta property=\"og:title\" content=\"Legal Insights &amp; Updates | One Call Legal Blog\" \/>\n<meta property=\"og:description\" content=\"Stay informed with One Call Legal\u2019s blog. Explore expert insights, legal updates, and practical advice to help you understand your rights and options.\" \/>\n<meta property=\"og:url\" content=\"https:\/\/www.onecalllegal.com\/es\/blog\/\" \/>\n<meta property=\"og:site_name\" content=\"OneCallLegal\" \/>\n<meta property=\"article:modified_time\" content=\"2025-11-20T21:30:01+00:00\" \/>\n<meta property=\"og:image\" content=\"https:\/\/www.onecalllegal.com\/wp-content\/uploads\/2025\/09\/property-claims.jpg\" \/>\n\t<meta property=\"og:image:width\" content=\"820\" \/>\n\t<meta property=\"og:image:height\" content=\"547\" \/>\n\t<meta property=\"og:image:type\" content=\"image\/jpeg\" \/>\n<meta name=\"twitter:card\" content=\"summary_large_image\" \/>\n<meta name=\"twitter:label1\" content=\"Tiempo de lectura\" \/>\n\t<meta name=\"twitter:data1\" content=\"8 minutos\" \/>\n<!-- \/ Yoast SEO plugin. -->","yoast_head_json":{"title":"Perspectivas y novedades legales | Blog de One Call Legal","description":"Mant\u00e9ngase informado con el blog de One Call Legal. Explore opiniones de expertos, novedades legales y consejos pr\u00e1cticos que le ayudar\u00e1n a comprender sus derechos y opciones.","robots":{"index":"index","follow":"follow","max-snippet":"max-snippet:-1","max-image-preview":"max-image-preview:large","max-video-preview":"max-video-preview:-1"},"canonical":"https:\/\/www.onecalllegal.com\/es\/blog\/","og_locale":"es_MX","og_type":"article","og_title":"Legal Insights & Updates | One Call Legal Blog","og_description":"Stay informed with One Call Legal\u2019s blog. Explore expert insights, legal updates, and practical advice to help you understand your rights and options.","og_url":"https:\/\/www.onecalllegal.com\/es\/blog\/","og_site_name":"OneCallLegal","article_modified_time":"2025-11-20T21:30:01+00:00","og_image":[{"width":820,"height":547,"url":"https:\/\/www.onecalllegal.com\/wp-content\/uploads\/2025\/09\/property-claims.jpg","type":"image\/jpeg"}],"twitter_card":"summary_large_image","twitter_misc":{"Tiempo de lectura":"8 minutos"},"schema":{"@context":"https:\/\/schema.org","@graph":[{"@type":"WebPage","@id":"https:\/\/www.onecalllegal.com\/blog\/","url":"https:\/\/www.onecalllegal.com\/blog\/","name":"Perspectivas y novedades legales | Blog de One Call Legal","isPartOf":{"@id":"https:\/\/www.onecalllegal.com\/#website"},"primaryImageOfPage":{"@id":"https:\/\/www.onecalllegal.com\/blog\/#primaryimage"},"image":{"@id":"https:\/\/www.onecalllegal.com\/blog\/#primaryimage"},"thumbnailUrl":"https:\/\/www.onecalllegal.com\/wp-content\/uploads\/2025\/09\/property-claims.jpg","datePublished":"2025-07-14T14:06:01+00:00","dateModified":"2025-11-20T21:30:01+00:00","description":"Mant\u00e9ngase informado con el blog de One Call Legal. Explore opiniones de expertos, novedades legales y consejos pr\u00e1cticos que le ayudar\u00e1n a comprender sus derechos y opciones.","breadcrumb":{"@id":"https:\/\/www.onecalllegal.com\/blog\/#breadcrumb"},"inLanguage":"es","potentialAction":[{"@type":"ReadAction","target":["https:\/\/www.onecalllegal.com\/blog\/"]}]},{"@type":"ImageObject","inLanguage":"es","@id":"https:\/\/www.onecalllegal.com\/blog\/#primaryimage","url":"https:\/\/www.onecalllegal.com\/wp-content\/uploads\/2025\/09\/property-claims.jpg","contentUrl":"https:\/\/www.onecalllegal.com\/wp-content\/uploads\/2025\/09\/property-claims.jpg","width":820,"height":547,"caption":"Property & Casualty Insurance Claims"},{"@type":"BreadcrumbList","@id":"https:\/\/www.onecalllegal.com\/blog\/#breadcrumb","itemListElement":[{"@type":"ListItem","position":1,"name":"Home","item":"https:\/\/www.onecalllegal.com\/"},{"@type":"ListItem","position":2,"name":"Blog"}]},{"@type":"WebSite","@id":"https:\/\/www.onecalllegal.com\/#website","url":"https:\/\/www.onecalllegal.com\/","name":"OneCallLegal","description":"","potentialAction":[{"@type":"SearchAction","target":{"@type":"EntryPoint","urlTemplate":"https:\/\/www.onecalllegal.com\/?s={search_term_string}"},"query-input":{"@type":"PropertyValueSpecification","valueRequired":true,"valueName":"search_term_string"}}],"inLanguage":"es"}]}},"_links":{"self":[{"href":"https:\/\/www.onecalllegal.com\/es\/wp-json\/wp\/v2\/pages\/156","targetHints":{"allow":["GET"]}}],"collection":[{"href":"https:\/\/www.onecalllegal.com\/es\/wp-json\/wp\/v2\/pages"}],"about":[{"href":"https:\/\/www.onecalllegal.com\/es\/wp-json\/wp\/v2\/types\/page"}],"author":[{"embeddable":true,"href":"https:\/\/www.onecalllegal.com\/es\/wp-json\/wp\/v2\/users\/1"}],"replies":[{"embeddable":true,"href":"https:\/\/www.onecalllegal.com\/es\/wp-json\/wp\/v2\/comments?post=156"}],"version-history":[{"count":19,"href":"https:\/\/www.onecalllegal.com\/es\/wp-json\/wp\/v2\/pages\/156\/revisions"}],"predecessor-version":[{"id":2233,"href":"https:\/\/www.onecalllegal.com\/es\/wp-json\/wp\/v2\/pages\/156\/revisions\/2233"}],"wp:featuredmedia":[{"embeddable":true,"href":"https:\/\/www.onecalllegal.com\/es\/wp-json\/wp\/v2\/media\/1289"}],"wp:attachment":[{"href":"https:\/\/www.onecalllegal.com\/es\/wp-json\/wp\/v2\/media?parent=156"}],"curies":[{"name":"wp","href":"https:\/\/api.w.org\/{rel}","templated":true}]}}