{"id":1725,"date":"2025-10-13T13:28:09","date_gmt":"2025-10-13T13:28:09","guid":{"rendered":"https:\/\/www.onecalllegal.com\/?page_id=1725"},"modified":"2025-11-20T22:19:44","modified_gmt":"2025-11-20T22:19:44","slug":"mapa-del-sitio","status":"publish","type":"page","link":"https:\/\/www.onecalllegal.com\/es\/sitemap\/","title":{"rendered":"Mapa del sitio"},"content":{"rendered":"<h1>\n\t\t\tMapa del sitio\n\t\t<\/h1>\n\t\t\t<p>Cont\u00e1ctenos para obtener asistencia legal con experiencia despu\u00e9s de lesiones graves.<\/p>\t\t\n\t<a href=\"https:\/\/www.onecalllegal.com\/es\/contacto\/\" target=\"_self\" role=\"button\" aria-label=\"Programar consulta\">\n\t\t\t\t\t\tProgramar consulta\n\t\t\t\t\t<\/a>\n\t\t<h3>P\u00e1ginas<\/h3><ul><li><a href=\"https:\/\/www.onecalllegal.com\/es\/\">Inicio<\/a><\/li><li><a href=\"https:\/\/www.onecalllegal.com\/es\/politica-de-privacidad\/\">Pol\u00edtica de privacidad<\/a><\/li><li><a href=\"https:\/\/www.onecalllegal.com\/es\/nuestra-empresa\/\">Nuestra empresa<\/a><\/li><li><a href=\"https:\/\/www.onecalllegal.com\/es\/abogados\/\">Abogados<\/a><\/li><li><a href=\"https:\/\/www.onecalllegal.com\/es\/areas-de-practica\/\">\u00c1reas de pr\u00e1ctica<\/a><ul class='children'><li><a href=\"https:\/\/www.onecalllegal.com\/es\/areas-de-practica\/lesiones-personales\/\">Lesiones personales<\/a><\/li><li><a href=\"https:\/\/www.onecalllegal.com\/es\/areas-de-practica\/accidente-automovilistico\/\">Accidente automovil\u00edstico<\/a><\/li><li><a href=\"https:\/\/www.onecalllegal.com\/es\/areas-de-practica\/defensa-penal-federal\/\">Defensa penal federal<\/a><\/li><li><a href=\"https:\/\/www.onecalllegal.com\/es\/areas-de-practica\/defensa-penal-estatal\/\">Defensa penal estatal<\/a><\/li><li><a href=\"https:\/\/www.onecalllegal.com\/es\/areas-de-practica\/derecho-de-familia\/\">Derecho de familia<\/a><\/li><li><a href=\"https:\/\/www.onecalllegal.com\/es\/areas-de-practica\/inmigracion\/\">Inmigraci\u00f3n<\/a><\/li><li><a href=\"https:\/\/www.onecalllegal.com\/es\/areas-de-practica\/litigio-civil\/\">Litigio civil<\/a><\/li><li><a href=\"https:\/\/www.onecalllegal.com\/es\/areas-de-practica\/indemnizacion-por-accidente-laboral\/\">Worker&#8217;s Compensation<\/a><\/li><li><a href=\"https:\/\/www.onecalllegal.com\/es\/areas-de-practica\/negligencia-medica\/\">Negligencia m\u00e9dica<\/a><\/li><li><a href=\"https:\/\/www.onecalllegal.com\/es\/areas-de-practica\/reclamaciones-por-danos-materiales-y-accidentes\/\">Reclamaciones por da\u00f1os materiales y accidentes<\/a><\/li><li><a href=\"https:\/\/www.onecalllegal.com\/es\/areas-de-practica\/defensa-en-litigios\/\">Defensa en litigios<\/a><\/li><li><a href=\"https:\/\/www.onecalllegal.com\/es\/areas-de-practica\/solicitud-y-desplazamiento\/\">Solicitud y viajes<\/a><\/li><li><a href=\"https:\/\/www.onecalllegal.com\/es\/areas-de-practica\/explotacion-sexual\/\">Explotaci\u00f3n sexual<\/a><\/li><li><a href=\"https:\/\/www.onecalllegal.com\/es\/areas-de-practica\/robo-de-identidad\/\">Robo de identidad<\/a><\/li><li><a href=\"https:\/\/www.onecalllegal.com\/es\/areas-de-practica\/defensa-contra-pirateria-informatica\/\">Defensa contra pirater\u00eda inform\u00e1tica<\/a><\/li><li><a href=\"https:\/\/www.onecalllegal.com\/es\/areas-de-practica\/pornografia-infantil\/\">Pornograf\u00eda infantil<\/a><\/li><li><a href=\"https:\/\/www.onecalllegal.com\/es\/areas-de-practica\/produccion-de-pornografia-infantil\/\">Producci\u00f3n de pornograf\u00eda infantil<\/a><\/li><li><a href=\"https:\/\/www.onecalllegal.com\/es\/areas-de-practica\/posesion-y-distribucion-de-pornografia-infantil\/\">Posesi\u00f3n y distribuci\u00f3n de pornograf\u00eda infantil<\/a><\/li><li><a href=\"https:\/\/www.onecalllegal.com\/es\/areas-de-practica\/delitos-ciberneticos\/\">Delitos cibern\u00e9ticos<\/a><\/li><li><a href=\"https:\/\/www.onecalllegal.com\/es\/areas-de-practica\/ciberacoso\/\">Ciberacoso<\/a><\/li><li><a href=\"https:\/\/www.onecalllegal.com\/es\/areas-de-practica\/pornografia-informatica-y-prostitucion\/\">Pornograf\u00eda y prostituci\u00f3n por computadora<\/a><\/li><\/ul><\/li><li><a href=\"https:\/\/www.onecalllegal.com\/es\/preguntas-frecuentes\/\">Preguntas frecuentes<\/a><\/li><li><a href=\"https:\/\/www.onecalllegal.com\/es\/blog\/\">Blog<\/a><\/li><li><a href=\"https:\/\/www.onecalllegal.com\/es\/contacto\/\">Contacto<\/a><\/li><li><a href=\"https:\/\/www.onecalllegal.com\/es\/terminos-y-condiciones\/\">T\u00e9rminos y condiciones<\/a><\/li><\/ul>","protected":false},"excerpt":{"rendered":"<p>Sitemap Contact Us for Experienced Legal Support After Serious Injuries Schedule Consultation Pages Home Privacy Policy Our Firm Attorneys Practice Areas Personal Injury Car Accident Federal Criminal Defense State Criminal Defense Family law Immigration Civil Litigation Worker&#8217;s Compensation Medical Malpractice Property and Casualty Claims Litigation Defense Solicitation &amp; Traveling Sexual Exploitation Identity Theft Hacking Defense&hellip;<\/p>","protected":false},"author":1,"featured_media":0,"parent":0,"menu_order":0,"comment_status":"closed","ping_status":"closed","template":"","meta":{"footnotes":""},"class_list":["post-1725","page","type-page","status-publish","hentry"],"yoast_head":"<!-- This site is optimized with the Yoast SEO plugin v27.4 - https:\/\/yoast.com\/product\/yoast-seo-wordpress\/ -->\n<title>One Call Legal Site Map \u2013 Overview of Website Pages<\/title>\n<meta name=\"description\" content=\"Use the One Call Legal sitemap to navigate every page on our legal services website \u2014 from practice areas to contact and blog resources.\" \/>\n<meta name=\"robots\" content=\"index, follow, max-snippet:-1, max-image-preview:large, max-video-preview:-1\" \/>\n<link rel=\"canonical\" href=\"https:\/\/www.onecalllegal.com\/es\/mapa-del-sitio\/\" \/>\n<meta property=\"og:locale\" content=\"es_MX\" \/>\n<meta property=\"og:type\" content=\"article\" \/>\n<meta property=\"og:title\" content=\"One Call Legal Site Map \u2013 Overview of Website Pages\" \/>\n<meta property=\"og:description\" content=\"Use the One Call Legal sitemap to navigate every page on our legal services website \u2014 from practice areas to contact and blog resources.\" \/>\n<meta property=\"og:url\" content=\"https:\/\/www.onecalllegal.com\/es\/mapa-del-sitio\/\" \/>\n<meta property=\"og:site_name\" content=\"OneCallLegal\" \/>\n<meta property=\"article:modified_time\" content=\"2025-11-20T22:19:44+00:00\" \/>\n<meta name=\"twitter:card\" content=\"summary_large_image\" \/>\n<meta name=\"twitter:label1\" content=\"Tiempo de lectura\" \/>\n\t<meta name=\"twitter:data1\" content=\"1 minuto\" \/>\n<!-- \/ Yoast SEO plugin. -->","yoast_head_json":{"title":"Mapa del sitio web de One Call Legal: descripci\u00f3n general de las p\u00e1ginas del sitio web","description":"Utilice el mapa del sitio de One Call Legal para navegar por todas las p\u00e1ginas de nuestro sitio web de servicios legales, desde las \u00e1reas de pr\u00e1ctica hasta los recursos de contacto y el blog.","robots":{"index":"index","follow":"follow","max-snippet":"max-snippet:-1","max-image-preview":"max-image-preview:large","max-video-preview":"max-video-preview:-1"},"canonical":"https:\/\/www.onecalllegal.com\/es\/mapa-del-sitio\/","og_locale":"es_MX","og_type":"article","og_title":"One Call Legal Site Map \u2013 Overview of Website Pages","og_description":"Use the One Call Legal sitemap to navigate every page on our legal services website \u2014 from practice areas to contact and blog resources.","og_url":"https:\/\/www.onecalllegal.com\/es\/mapa-del-sitio\/","og_site_name":"OneCallLegal","article_modified_time":"2025-11-20T22:19:44+00:00","twitter_card":"summary_large_image","twitter_misc":{"Tiempo de lectura":"1 minuto"},"schema":{"@context":"https:\/\/schema.org","@graph":[{"@type":"WebPage","@id":"https:\/\/www.onecalllegal.com\/sitemap\/","url":"https:\/\/www.onecalllegal.com\/sitemap\/","name":"Mapa del sitio web de One Call Legal: descripci\u00f3n general de las p\u00e1ginas del sitio web","isPartOf":{"@id":"https:\/\/www.onecalllegal.com\/#website"},"datePublished":"2025-10-13T13:28:09+00:00","dateModified":"2025-11-20T22:19:44+00:00","description":"Utilice el mapa del sitio de One Call Legal para navegar por todas las p\u00e1ginas de nuestro sitio web de servicios legales, desde las \u00e1reas de pr\u00e1ctica hasta los recursos de contacto y el blog.","breadcrumb":{"@id":"https:\/\/www.onecalllegal.com\/sitemap\/#breadcrumb"},"inLanguage":"es","potentialAction":[{"@type":"ReadAction","target":["https:\/\/www.onecalllegal.com\/sitemap\/"]}]},{"@type":"BreadcrumbList","@id":"https:\/\/www.onecalllegal.com\/sitemap\/#breadcrumb","itemListElement":[{"@type":"ListItem","position":1,"name":"Home","item":"https:\/\/www.onecalllegal.com\/"},{"@type":"ListItem","position":2,"name":"Sitemap"}]},{"@type":"WebSite","@id":"https:\/\/www.onecalllegal.com\/#website","url":"https:\/\/www.onecalllegal.com\/","name":"OneCallLegal","description":"","potentialAction":[{"@type":"SearchAction","target":{"@type":"EntryPoint","urlTemplate":"https:\/\/www.onecalllegal.com\/?s={search_term_string}"},"query-input":{"@type":"PropertyValueSpecification","valueRequired":true,"valueName":"search_term_string"}}],"inLanguage":"es"}]}},"_links":{"self":[{"href":"https:\/\/www.onecalllegal.com\/es\/wp-json\/wp\/v2\/pages\/1725","targetHints":{"allow":["GET"]}}],"collection":[{"href":"https:\/\/www.onecalllegal.com\/es\/wp-json\/wp\/v2\/pages"}],"about":[{"href":"https:\/\/www.onecalllegal.com\/es\/wp-json\/wp\/v2\/types\/page"}],"author":[{"embeddable":true,"href":"https:\/\/www.onecalllegal.com\/es\/wp-json\/wp\/v2\/users\/1"}],"replies":[{"embeddable":true,"href":"https:\/\/www.onecalllegal.com\/es\/wp-json\/wp\/v2\/comments?post=1725"}],"version-history":[{"count":7,"href":"https:\/\/www.onecalllegal.com\/es\/wp-json\/wp\/v2\/pages\/1725\/revisions"}],"predecessor-version":[{"id":2253,"href":"https:\/\/www.onecalllegal.com\/es\/wp-json\/wp\/v2\/pages\/1725\/revisions\/2253"}],"wp:attachment":[{"href":"https:\/\/www.onecalllegal.com\/es\/wp-json\/wp\/v2\/media?parent=1725"}],"curies":[{"name":"wp","href":"https:\/\/api.w.org\/{rel}","templated":true}]}}