{"id":1732,"date":"2025-10-13T13:35:48","date_gmt":"2025-10-13T13:35:48","guid":{"rendered":"https:\/\/www.onecalllegal.com\/?page_id=1732"},"modified":"2025-11-20T22:21:34","modified_gmt":"2025-11-20T22:21:34","slug":"terminos-y-condiciones","status":"publish","type":"page","link":"https:\/\/www.onecalllegal.com\/es\/terms-and-conditions\/","title":{"rendered":"T\u00e9rminos y condiciones"},"content":{"rendered":"<h1>\n\t\t\tTerms &#038; Conditions (&#8220;Terms of Use&#8221;)\n\t\t<\/h1>\n\t\t\t<p>Solicite asistencia legal especializada y compasiva cuando m\u00e1s la necesite.<\/p>\t\t\n\t<a href=\"https:\/\/www.onecalllegal.com\/es\/contacto\/\" target=\"_self\" role=\"button\" aria-label=\"Programar consulta\">\n\t\t\t\t\t\tProgramar consulta\n\t\t\t\t\t<\/a>\n\t\t\t\t<img decoding=\"async\" src=\"https:\/\/www.onecalllegal.com\/wp-content\/uploads\/2025\/11\/updated-rating.webp\" alt=\"calificaci\u00f3n actualizada\" itemprop=\"image\" height=\"50\" width=\"245\" title=\"calificaci\u00f3n actualizada\" onerror=\"this.style.display='none'\" loading=\"lazy\" \/>\n\t<p><b>\u00daltima actualizaci\u00f3n: 1 de octubre de 2025<\/b><\/p>\n<h2>1. Aceptaci\u00f3n de los t\u00e9rminos<\/h2>\n<p>Al acceder o utilizar <b>OneCallLegal.com<\/b> (the &#8220;Site&#8221;), you agree to be bound by these Terms of Use, along with any additional rules, policies, or guidelines referenced herein. If you do not agree, you must not use the Site.<\/p>\n<h2>2. Alcance\/Prop\u00f3sito del sitio<\/h2>\n<p>The Site provides general legal information and resources about the services offered by OneCallLegal (the &#8220;Firm&#8221;). Use of the Site does <b>no<\/b> crear una relaci\u00f3n abogado-cliente entre usted y el Despacho.<\/p>\n<h2>3. Ausencia de asesoramiento jur\u00eddico \/ Descargo de responsabilidad<\/h2>\n<ul>\n<li aria-level=\"1\">El contenido proporcionado en el Sitio tiene fines meramente informativos y <b>no constituye asesoramiento legal<\/b>.<\/li>\n<li aria-level=\"1\">No debe actuar ni abstenerse de actuar bas\u00e1ndose en ning\u00fan contenido aqu\u00ed sin buscar asesoramiento legal independiente.<\/li>\n<li aria-level=\"1\">La Firma se exime expresamente de cualquier responsabilidad por las acciones tomadas (o no tomadas) bas\u00e1ndose en el contenido del Sitio.<\/li>\n<\/ul>\n<h2>4. Relaci\u00f3n abogado-cliente<\/h2>\n<ul>\n<li aria-level=\"1\">Su uso del Sitio o el env\u00edo de su informaci\u00f3n a trav\u00e9s de formularios de contacto, correos electr\u00f3nicos u otros medios. <b>no<\/b> crear una relaci\u00f3n abogado-cliente.<\/li>\n<li aria-level=\"1\">Cualquier relaci\u00f3n de este tipo solo se establece mediante un acuerdo formal por escrito firmado por usted y la Firma.<\/li>\n<\/ul>\n<h2>5. Restricciones de uso \/ Uso aceptable<\/h2>\n<p>Usted se compromete a no:<\/p>\n<ul>\n<li aria-level=\"1\">Utilizar el Sitio con fines ilegales o prohibidos.;<\/li>\n<li aria-level=\"1\">Interferir o interrumpir el Sitio o sus servidores;<\/li>\n<li aria-level=\"1\">Subir o transmitir virus o c\u00f3digo da\u00f1ino;<\/li>\n<li aria-level=\"1\">Attempt to gain unauthorized access to portions of the Site or the Firm&#8217;s systems;<\/li>\n<li aria-level=\"1\">Use the Site in ways that violate others&#8217; rights (intellectual property, privacy, etc.).<\/li>\n<\/ul>\n<h2>6. Propiedad intelectual<\/h2>\n<ul>\n<li aria-level=\"1\">Todo el contenido del Sitio (texto, gr\u00e1ficos, logotipos, im\u00e1genes, software) es propiedad de la Firma o se le ha concedido una licencia, y est\u00e1 protegido por derechos de autor, marcas registradas y otras leyes de propiedad intelectual.<\/li>\n<li aria-level=\"1\">No se permite reproducir, modificar, distribuir, volver a publicar ni explotar dicho contenido sin permiso expreso por escrito.<\/li>\n<\/ul>\n<h2>7. Enlaces\/recursos de terceros<\/h2>\n<ul>\n<li aria-level=\"1\">El Sitio puede contener enlaces a sitios web o recursos de terceros. Estos se proporcionan para su comodidad y no implican ning\u00fan tipo de respaldo.<\/li>\n<li aria-level=\"1\">La Firma no se hace responsable del contenido, la exactitud o las pr\u00e1cticas de terceros vinculados.<\/li>\n<\/ul>\n<h2>8. Limitaci\u00f3n de responsabilidad<\/h2>\n<p>En la medida en que lo permita la ley, el Despacho (y sus abogados, empleados y agentes) <b>no ser responsable<\/b> por cualquier da\u00f1o indirecto, incidental, especial, consecuente o punitivo, o p\u00e9rdida de ganancias, datos o uso, que surja de o en relaci\u00f3n con su uso (o imposibilidad de uso) del Sitio o su contenido.<\/p>\n<h2>9. Indemnizaci\u00f3n<\/h2>\n<p>You agree to indemnify, defend, and hold harmless the Firm and its personnel from any claims, liabilities, damages, losses, or expenses (including attorneys&#8217; fees) arising from:<\/p>\n<ul>\n<li aria-level=\"1\">el uso indebido del Sitio;<\/li>\n<li aria-level=\"1\">su incumplimiento de estos T\u00e9rminos;<\/li>\n<li aria-level=\"1\">su violaci\u00f3n de las leyes aplicables o los derechos de terceros.<\/li>\n<\/ul>\n<h2>10. Legislaci\u00f3n aplicable y resoluci\u00f3n de disputas<\/h2>\n<ul>\n<li aria-level=\"1\">Estos T\u00e9rminos se regir\u00e1n e interpretar\u00e1n de conformidad con las leyes del estado de Florida (o la jurisdicci\u00f3n aplicable).<\/li>\n<li aria-level=\"1\">Cualquier disputa se resolver\u00e1 en los tribunales estatales o federales ubicados en Florida (o en un condado espec\u00edfico), y usted acepta la jurisdicci\u00f3n de dichos tribunales.<\/li>\n<\/ul>\n<h2>11. Divisibilidad<\/h2>\n<p>Si alguna disposici\u00f3n de estos T\u00e9rminos se considera inv\u00e1lida o inaplicable, dicha disposici\u00f3n se eliminar\u00e1 y el resto continuar\u00e1 en pleno vigor y efecto.<\/p>\n<h2>12. Cambios en los t\u00e9rminos<\/h2>\n<p>The Firm reserves the right to modify or update these Terms at any time. When changes are made, the &#8220;Last Updated&#8221; date will be revised. Your continued use of the Site after changes constitutes acceptance of the new Terms.<\/p>\n<h2>13. Informaci\u00f3n de contacto<\/h2>\nSi tiene alguna pregunta sobre estos T\u00e9rminos, puede ponerse en contacto con:<br \/>\nOneCallLegal<br \/>\nDirecci\u00f3n: 10750 NW 6th Court, Miami, Florida 33168<a href=\"https:\/\/www.onecalllegal.com\/es\/\"> OneCallLegal<br \/>\n<\/a> Correo electr\u00f3nico: info@onecalllegal.com","protected":false},"excerpt":{"rendered":"<p>Terms &#038; Conditions (&#8220;Terms of Use&#8221;) Call for Skilled, Compassionate Legal Support When You Need It Most Schedule Consultation Last Updated: October 1, 2025 1. Acceptance of Terms By accessing or using OneCallLegal.com (the &#8220;Site&#8221;), you agree to be bound by these Terms of Use, along with any additional rules, policies, or guidelines referenced herein.&hellip;<\/p>","protected":false},"author":1,"featured_media":0,"parent":0,"menu_order":0,"comment_status":"closed","ping_status":"closed","template":"","meta":{"footnotes":""},"class_list":["post-1732","page","type-page","status-publish","hentry"],"yoast_head":"<!-- This site is optimized with the Yoast SEO plugin v27.4 - https:\/\/yoast.com\/product\/yoast-seo-wordpress\/ -->\n<title>Terms &amp; Conditions | One Call Legal<\/title>\n<meta name=\"description\" content=\"Read the Terms &amp; Conditions for One Call Legal. Learn about website use, disclaimers, intellectual property, and limitations of liability when accessing our legal resources.\" \/>\n<meta name=\"robots\" content=\"index, follow, max-snippet:-1, max-image-preview:large, max-video-preview:-1\" \/>\n<link rel=\"canonical\" href=\"https:\/\/www.onecalllegal.com\/es\/terminos-y-condiciones\/\" \/>\n<meta property=\"og:locale\" content=\"es_MX\" \/>\n<meta property=\"og:type\" content=\"article\" \/>\n<meta property=\"og:title\" content=\"Terms &amp; Conditions | One Call Legal\" \/>\n<meta property=\"og:description\" content=\"Read the Terms &amp; Conditions for One Call Legal. Learn about website use, disclaimers, intellectual property, and limitations of liability when accessing our legal resources.\" \/>\n<meta property=\"og:url\" content=\"https:\/\/www.onecalllegal.com\/es\/terminos-y-condiciones\/\" \/>\n<meta property=\"og:site_name\" content=\"OneCallLegal\" \/>\n<meta property=\"article:modified_time\" content=\"2025-11-20T22:21:34+00:00\" \/>\n<meta property=\"og:image\" content=\"https:\/\/www.onecalllegal.com\/wp-content\/uploads\/2025\/11\/updated-rating.webp\" \/>\n<meta name=\"twitter:card\" content=\"summary_large_image\" \/>\n<!-- \/ Yoast SEO plugin. -->","yoast_head_json":{"title":"T\u00e9rminos y condiciones | One Call Legal","description":"Lea los T\u00e9rminos y condiciones de One Call Legal. Obtenga informaci\u00f3n sobre el uso del sitio web, las exenciones de responsabilidad, la propiedad intelectual y las limitaciones de responsabilidad al acceder a nuestros recursos legales.","robots":{"index":"index","follow":"follow","max-snippet":"max-snippet:-1","max-image-preview":"max-image-preview:large","max-video-preview":"max-video-preview:-1"},"canonical":"https:\/\/www.onecalllegal.com\/es\/terminos-y-condiciones\/","og_locale":"es_MX","og_type":"article","og_title":"Terms & Conditions | One Call Legal","og_description":"Read the Terms & Conditions for One Call Legal. Learn about website use, disclaimers, intellectual property, and limitations of liability when accessing our legal resources.","og_url":"https:\/\/www.onecalllegal.com\/es\/terminos-y-condiciones\/","og_site_name":"OneCallLegal","article_modified_time":"2025-11-20T22:21:34+00:00","og_image":[{"url":"https:\/\/www.onecalllegal.com\/wp-content\/uploads\/2025\/11\/updated-rating.webp","type":"","width":"","height":""}],"twitter_card":"summary_large_image","schema":{"@context":"https:\/\/schema.org","@graph":[{"@type":"WebPage","@id":"https:\/\/www.onecalllegal.com\/terms-and-conditions\/","url":"https:\/\/www.onecalllegal.com\/terms-and-conditions\/","name":"T\u00e9rminos y condiciones | One Call Legal","isPartOf":{"@id":"https:\/\/www.onecalllegal.com\/#website"},"primaryImageOfPage":{"@id":"https:\/\/www.onecalllegal.com\/terms-and-conditions\/#primaryimage"},"image":{"@id":"https:\/\/www.onecalllegal.com\/terms-and-conditions\/#primaryimage"},"thumbnailUrl":"https:\/\/www.onecalllegal.com\/wp-content\/uploads\/2025\/11\/updated-rating.webp","datePublished":"2025-10-13T13:35:48+00:00","dateModified":"2025-11-20T22:21:34+00:00","description":"Lea los T\u00e9rminos y condiciones de One Call Legal. Obtenga informaci\u00f3n sobre el uso del sitio web, las exenciones de responsabilidad, la propiedad intelectual y las limitaciones de responsabilidad al acceder a nuestros recursos legales.","breadcrumb":{"@id":"https:\/\/www.onecalllegal.com\/terms-and-conditions\/#breadcrumb"},"inLanguage":"es","potentialAction":[{"@type":"ReadAction","target":["https:\/\/www.onecalllegal.com\/terms-and-conditions\/"]}]},{"@type":"ImageObject","inLanguage":"es","@id":"https:\/\/www.onecalllegal.com\/terms-and-conditions\/#primaryimage","url":"https:\/\/www.onecalllegal.com\/wp-content\/uploads\/2025\/11\/updated-rating.webp","contentUrl":"https:\/\/www.onecalllegal.com\/wp-content\/uploads\/2025\/11\/updated-rating.webp"},{"@type":"BreadcrumbList","@id":"https:\/\/www.onecalllegal.com\/terms-and-conditions\/#breadcrumb","itemListElement":[{"@type":"ListItem","position":1,"name":"Home","item":"https:\/\/www.onecalllegal.com\/"},{"@type":"ListItem","position":2,"name":"Terms &amp; Conditions"}]},{"@type":"WebSite","@id":"https:\/\/www.onecalllegal.com\/#website","url":"https:\/\/www.onecalllegal.com\/","name":"OneCallLegal","description":"","potentialAction":[{"@type":"SearchAction","target":{"@type":"EntryPoint","urlTemplate":"https:\/\/www.onecalllegal.com\/?s={search_term_string}"},"query-input":{"@type":"PropertyValueSpecification","valueRequired":true,"valueName":"search_term_string"}}],"inLanguage":"es"}]}},"_links":{"self":[{"href":"https:\/\/www.onecalllegal.com\/es\/wp-json\/wp\/v2\/pages\/1732","targetHints":{"allow":["GET"]}}],"collection":[{"href":"https:\/\/www.onecalllegal.com\/es\/wp-json\/wp\/v2\/pages"}],"about":[{"href":"https:\/\/www.onecalllegal.com\/es\/wp-json\/wp\/v2\/types\/page"}],"author":[{"embeddable":true,"href":"https:\/\/www.onecalllegal.com\/es\/wp-json\/wp\/v2\/users\/1"}],"replies":[{"embeddable":true,"href":"https:\/\/www.onecalllegal.com\/es\/wp-json\/wp\/v2\/comments?post=1732"}],"version-history":[{"count":6,"href":"https:\/\/www.onecalllegal.com\/es\/wp-json\/wp\/v2\/pages\/1732\/revisions"}],"predecessor-version":[{"id":2255,"href":"https:\/\/www.onecalllegal.com\/es\/wp-json\/wp\/v2\/pages\/1732\/revisions\/2255"}],"wp:attachment":[{"href":"https:\/\/www.onecalllegal.com\/es\/wp-json\/wp\/v2\/media?parent=1732"}],"curies":[{"name":"wp","href":"https:\/\/api.w.org\/{rel}","templated":true}]}}