{"id":19,"date":"2025-07-14T13:15:01","date_gmt":"2025-07-14T13:15:01","guid":{"rendered":"https:\/\/sites.realtimewebmasters.com\/~on3clllg91347\/?page_id=19"},"modified":"2025-11-20T20:52:32","modified_gmt":"2025-11-20T20:52:32","slug":"abogados","status":"publish","type":"page","link":"https:\/\/www.onecalllegal.com\/es\/attorneys\/","title":{"rendered":"Abogados"},"content":{"rendered":"<h1>Conoce al equipo<\/h1>\n\t<p>Abogados con amplia experiencia que aportan conocimientos jur\u00eddicos vers\u00e1tiles y estrat\u00e9gicos a cada caso.<\/p>\n\t\t\t<a href=\"https:\/\/www.onecalllegal.com\/es\/contacto\/\" target=\"_self\">\n\t\t\t\t\t\t\tProgramar consulta\n\t\t\t\t\t<\/a>\n\t\t\t\t<img decoding=\"async\" src=\"https:\/\/www.onecalllegal.com\/wp-content\/uploads\/2025\/11\/updated-rating.webp\" alt=\"calificaci\u00f3n actualizada\" itemprop=\"image\" height=\"50\" width=\"245\" title=\"calificaci\u00f3n actualizada\" onerror=\"this.style.display='none'\" loading=\"lazy\" \/>\n\t\t\t\t<img decoding=\"async\" src=\"https:\/\/www.onecalllegal.com\/wp-content\/uploads\/2025\/09\/David_Stuart_Seltzer-1.png\" alt=\"David Stuart Seltzer, socio gerente\" itemprop=\"image\" height=\"1090\" width=\"930\" title=\"David Stuart Seltzer-1\" onerror=\"this.style.display='none'\" loading=\"lazy\" \/>\n\t<h2>David Stuart Seltzer<\/h2>\n\t<p>Socio director<\/p>\n\t<p>David Seltzer es socio gerente de Seltzer Mayberg, LLC. Con m\u00e1s de dos d\u00e9cadas de experiencia, David es reconocido a nivel nacional. <a href=\"https:\/\/www.onecalllegal.com\/es\/areas-de-practica\/defensa-penal-federal\/\">abogado defensor penalista<\/a> con un enfoque especializado en <a href=\"https:\/\/www.onecalllegal.com\/es\/areas-de-practica\/delitos-ciberneticos\/\">delitos cibern\u00e9ticos<\/a> in both state and federal courts. David found his firm on the client-first mentality. In 2013, a client came to David for a referral, and when later asked how it went, the response was, &#8220;It was not you.&#8221; David immediately said he could rectify that, and Seltzer Mayberg, LLC was born.<\/p>\n<p>As a former prosecutor in the Cyber Crimes Unit at the Miami-Dade State Attorney&#8217;s Office, David has litigated cases from both sides of the aisle, giving him a unique and strategic edge in defense work. He brings an insider&#8217;s perspective to complex criminal investigations, often involving cutting-edge technology, digital forensics, and high-stakes federal prosecutions.<\/p>\n<p>David is known for his relentless advocacy, creative legal strategies, and unwillingness to accept &#8220;no&#8221; for an answer. Whether navigating nuanced statutes or redefining what&#8217;s possible under the law, he is often the attorney clients call when the stakes are highest, and the path forward isn&#8217;t obvious. He believes in figuring out how to put a square peg in a round hole-because that&#8217;s often what it takes to win.<\/p>\n<p>A 2004 graduate of the University of Miami School of Law, David began his legal career at the Miami-Dade State Attorney&#8217;s Office, where he gained extensive trial experience early on. He dabbles in Spanish and French and frequently represents clients from diverse international backgrounds.<\/p>\n<p>David est\u00e1 autorizado para ejercer la abogac\u00eda en Florida, Nueva York, Colorado y el Distrito de Columbia, y es un miembro respetado de m\u00faltiples organizaciones jur\u00eddicas estatales y nacionales. Habitualmente se le admite pro hac vice en diversas jurisdicciones para tramitar asuntos.<\/p>\n\t<h2>Menachem M. Mayberg, abogado.<\/h2>\n\t<p>Socio<\/p>\n\t<p>Menachem M. Mayberg is a founding partner at Seltzer Mayberg, LLC, also known as OneCallLegal.com, a full-service law firm headquartered in Miami and serving clients across the United States, and one of Miami&#8217;s most dynamic and fast-growing law firms. A 1999 graduate of the University of Miami School of Law, Menachem (also known as &#8220;Mendy&#8221;), began his career as a Miami-Dade Public Defender, where he spent years vigorously defending clients in criminal court. His early trial experience sharpened his courtroom instincts and developed his deep understanding of how to advocate effectively, skills that now set him apart in the world of civil litigation.<\/p>\n<p>Today, Mendy oversees the firm&#8217;s thriving civil practice, representing clients across a wide range of matters, from high-stakes litigation to complex business disputes. Whether he&#8217;s advocating for plaintiffs or defending against claims, his command of language, persuasive writing, and sharp legal analysis consistently stand out. He is known as a wordsmith in the courtroom, delivering arguments with clarity, poise, and impact. Watching him litigate is, as many colleagues put it, a thing of beauty.<\/p>\n<p>Adem\u00e1s de los litigios, Mendy se encarga de la revisi\u00f3n exhaustiva de contratos, la negociaci\u00f3n y el asesoramiento estrat\u00e9gico en acuerdos comerciales. Su enfoque pr\u00e1ctico y sensato lo ha convertido en un asesor legal de confianza para emprendedores, empresarios y particulares por igual.<\/p>\n<p>Licensed to practice in Florida, Mendy brings over 25 years of legal experience to every case, along with a reputation for being approachable, honest, and relentlessly committed to his clients&#8217; goals.<\/p>\n\t\t\t\t<img decoding=\"async\" src=\"https:\/\/www.onecalllegal.com\/wp-content\/uploads\/2025\/09\/menachem-3.webp\" alt=\"Menachem Mayberg - Socio fundador\" itemprop=\"image\" height=\"1074\" width=\"960\" title=\"menachem-3\" onerror=\"this.style.display='none'\" loading=\"lazy\" \/>\n\t\t\t\t<img decoding=\"async\" src=\"https:\/\/www.onecalllegal.com\/wp-content\/uploads\/2025\/09\/eric-katz-3.webp\" alt=\"Eric Katz - Abogado especializado en lesiones personales\" itemprop=\"image\" height=\"1090\" width=\"930\" title=\"eric-katz-3\" onerror=\"this.style.display='none'\" loading=\"lazy\" \/>\n\t<h2>Eric Katz, abogado.<\/h2>\n\t<p>Socio<\/p>\n\t<p>Eric Katz es un abogado especializado en lesiones personales de Florida que representa a personas y familias cuyas vidas se han visto trastornadas por accidentes graves y conductas negligentes. Su pr\u00e1ctica se centra en <a href=\"https:\/\/www.onecalllegal.com\/es\/areas-de-practica\/accidente-automovilistico\/\">accidentes automovil\u00edsticos<\/a>, muerte por negligencia, seguridad negligente y responsabilidad civil por las instalaciones, casos que exigen tanto una defensa agresiva como una atenci\u00f3n personalizada.<\/p>\n<p>Eric ha trabajado en <a href=\"https:\/\/www.onecalllegal.com\/es\/areas-de-practica\/lesiones-personales\/\">ley de lesiones personales<\/a> oficinas desde antes de comenzar sus estudios de Derecho, lo que le ha proporcionado m\u00e1s de una d\u00e9cada de experiencia en el campo. Obtuvo su licenciatura en la Universidad Central de Florida y su t\u00edtulo de Juris Doctor en la Facultad de Derecho de la Universidad de Miami. Est\u00e1 habilitado para ejercer en Florida y se enorgullece de prestar sus servicios a clientes de todo el estado.<\/p>\n<p>Conocido por su incansable defensa, Eric combina s\u00f3lidas t\u00e1cticas de negociaci\u00f3n, pensamiento jur\u00eddico estrat\u00e9gico y un profundo compromiso para lograr resultados significativos para sus clientes. Lucha para que las compa\u00f1\u00edas de seguros y las partes negligentes a las que representan rindan cuentas. Desde la consulta inicial hasta la resoluci\u00f3n final de su caso, Eric estar\u00e1 a su lado, protegiendo sus derechos en cada paso del camino.<\/p>\n<p>Eric ha conseguido con \u00e9xito m\u00faltiples acuerdos millonarios aplicando este enfoque orientado a los resultados y asegur\u00e1ndose de que cada caso reciba la atenci\u00f3n que merece.<\/p>\n\t<h2>Suzanne Bell, abogada.<\/h2>\n\t<p>Socio<\/p>\n\t<p>Suzanne Bell es socia de Seltzer Mayberg, LLC, tambi\u00e9n conocida como OneCallLegal.com, un bufete de abogados de servicio completo con sede en Miami que presta servicios a clientes en todo Estados Unidos. Suzanne combina m\u00e1s de una d\u00e9cada de experiencia como fiscal con un profundo compromiso con <a href=\"https:\/\/www.onecalllegal.com\/es\/areas-de-practica\/litigio-civil\/\">litigio civil<\/a> and client relationships. A graduate of Hofstra Law School, Suzanne began her legal career in 2005 when the Miami-Dade State Attorney&#8217;s Office hired her. She served for ten years, including several in a specialized insurance fraud unit, where she handled complex, high-volume caseloads with precision and skill.<\/p>\n<p>Today, Suzanne&#8217;s practice focuses on civil litigation and client advocacy. Known for her ability to listen, connect, and solve problems, she treats every client like family-because at Seltzer Mayberg, that&#8217;s exactly what they are. Her background as a prosecutor gives her a strong foundation in litigation, while her life experience as a working mother gives her unmatched empathy and perspective.<\/p>\n<p>Con dominio del espa\u00f1ol y orgullosa de su herencia cubana, Suzanne es una defensora de confianza para clientes de todos los \u00e1mbitos de la vida. Tiene licencia para ejercer en Florida y le apasiona especialmente ayudar a los clientes a sentirse comprendidos, informados y empoderados a lo largo de todo el proceso legal.<\/p>\n<p>Outside the courtroom, Suzanne is a dedicated wife and mother who considers her greatest accomplishment to be her family. An avid outdoors enthusiast, she loves hiking, exploring nature, and spending quality time with her loved ones. She brings that same energy and balance to her law practice-focused, driven, and always grounded.<\/p>\n\t\t\t\t<img decoding=\"async\" src=\"https:\/\/www.onecalllegal.com\/wp-content\/uploads\/2025\/10\/suzanne-bell.webp\" alt=\"Suzanne Bell - Litigios civiles\" itemprop=\"image\" height=\"1074\" width=\"960\" title=\"Suzanne Bell\" onerror=\"this.style.display='none'\" loading=\"lazy\" \/>\n\t\t\t\t<img decoding=\"async\" src=\"https:\/\/www.onecalllegal.com\/wp-content\/uploads\/2025\/09\/Yaniv_Nahon-new.webp\" alt=\"Yaniv Nahon - Abogado defensor civil\" itemprop=\"image\" height=\"1090\" width=\"930\" title=\"Yaniv_Nahon-nuevo\" onerror=\"this.style.display='none'\" loading=\"lazy\" \/>\n\t<h2>Yaniv Nahon<\/h2>\n\t<p>Abogado externo<\/p>\n\t<p>Yaniv Nahon es un litigante experimentado y vers\u00e1til con un s\u00f3lido historial de \u00e9xitos tanto en tribunales penales como civiles. Gracias a su temprana carrera como fiscal en Miami-Dade y, posteriormente, como abogado defensor civil, Yaniv aporta un profundo conocimiento de la defensa en juicios y de la din\u00e1mica de los tribunales a todos los casos que lleva. Su carrera jur\u00eddica le ha llevado desde complejos juicios por delitos graves hasta litigios civiles de alto riesgo, lo que le ha dotado de una capacidad \u00fanica para navegar por terrenos jur\u00eddicos dif\u00edciles en nombre de sus clientes.<\/p>\n<p>Adem\u00e1s de su trabajo en juicios penales y civiles, Yaniv ha desarrollado una s\u00f3lida pr\u00e1ctica en derecho migratorio, representando a personas y familias de todo el pa\u00eds tanto en defensas contra la expulsi\u00f3n como en peticiones afirmativas. Defende regularmente a clientes que se enfrentan a la deportaci\u00f3n, gui\u00e1ndolos a trav\u00e9s de los procedimientos de fianza, la cancelaci\u00f3n de la expulsi\u00f3n y <a href=\"https:\/\/www.onecalllegal.com\/es\/areas-de-practica\/inmigracion\/\">solicitudes de asilo<\/a>. En el lado positivo, Yaniv ayuda a los clientes con las solicitudes de ajuste de estatus, las peticiones basadas en la familia y otras v\u00edas para obtener la residencia permanente legal. Su experiencia en litigios le da una ventaja estrat\u00e9gica en los tribunales de inmigraci\u00f3n y ante el USCIS.<\/p>\n<p>A lo largo de su carrera, Yaniv ha llevado a juicio docenas de casos, incluyendo delitos menores y graves, y ha litigado asuntos civiles relacionados con negligencia m\u00e9dica, responsabilidad civil por instalaciones, responsabilidad civil por productos y transacciones comerciales complejas. En particular, defendi\u00f3 a una entidad corporativa en un juicio por responsabilidad civil por productos de varios millones de d\u00f3lares, que result\u00f3 en un veredicto de no responsabilidad, y represent\u00f3 a una universidad de Florida en un caso de responsabilidad civil por instalaciones de gran repercusi\u00f3n medi\u00e1tica que implicaba un doble homicidio.<\/p>\n<p>Fuera de la sala del tribunal, Yaniv es un \u00e1vido buceador y disfruta pasando tiempo con su familia y su perro. Orgulloso seguidor de los deportes del sur de Florida, sigue con entusiasmo al Miami Heat, los Florida Panthers, el Inter Miami y los Miami Dolphins, incluso cuando estos \u00faltimos le decepcionan habitualmente.<\/p>","protected":false},"excerpt":{"rendered":"<p>Meet The Team Experienced attorneys bringing versatile, strategic legal expertise to every case. Schedule Consultation David Stuart Seltzer Managing Partner David Seltzer is the Managing Partner at Seltzer Mayberg, LLC. With over two decades of experience, David is a nationally recognized criminal defense attorney with a specialized focus on cybercrimes in both state and federal&hellip;<\/p>","protected":false},"author":1,"featured_media":863,"parent":0,"menu_order":0,"comment_status":"closed","ping_status":"closed","template":"","meta":{"footnotes":""},"class_list":["post-19","page","type-page","status-publish","has-post-thumbnail","hentry"],"yoast_head":"<!-- This site is optimized with the Yoast SEO plugin v27.4 - https:\/\/yoast.com\/product\/yoast-seo-wordpress\/ -->\n<title>Meet The Team | Combining Compassion and Expertise<\/title>\n<meta name=\"description\" content=\"One Call Legal is a prominent law office in Miami, FL. Here, we highlight members of our legal team, their backgrounds, and fields of expertise. Call us today!\" \/>\n<meta name=\"robots\" content=\"index, follow, max-snippet:-1, max-image-preview:large, max-video-preview:-1\" \/>\n<link rel=\"canonical\" href=\"https:\/\/www.onecalllegal.com\/es\/abogados\/\" \/>\n<meta property=\"og:locale\" content=\"es_MX\" \/>\n<meta property=\"og:type\" content=\"article\" \/>\n<meta property=\"og:title\" content=\"Meet The Team | Combining Compassion and Expertise\" \/>\n<meta property=\"og:description\" content=\"One Call Legal is a prominent law office in Miami, FL. Here, we highlight members of our legal team, their backgrounds, and fields of expertise. Call us today!\" \/>\n<meta property=\"og:url\" content=\"https:\/\/www.onecalllegal.com\/es\/abogados\/\" \/>\n<meta property=\"og:site_name\" content=\"OneCallLegal\" \/>\n<meta property=\"article:modified_time\" content=\"2025-11-20T20:52:32+00:00\" \/>\n<meta property=\"og:image\" content=\"https:\/\/www.onecalllegal.com\/wp-content\/uploads\/2025\/09\/attorneys.jpg\" \/>\n\t<meta property=\"og:image:width\" content=\"820\" \/>\n\t<meta property=\"og:image:height\" content=\"547\" \/>\n\t<meta property=\"og:image:type\" content=\"image\/jpeg\" \/>\n<meta name=\"twitter:card\" content=\"summary_large_image\" \/>\n<meta name=\"twitter:label1\" content=\"Tiempo de lectura\" \/>\n\t<meta name=\"twitter:data1\" content=\"7 minutos\" \/>\n<!-- \/ Yoast SEO plugin. -->","yoast_head_json":{"title":"Conozca al equipo | Combinando compasi\u00f3n y experiencia","description":"One Call Legal es un destacado despacho de abogados de Miami, Florida. A continuaci\u00f3n, presentamos a los miembros de nuestro equipo legal, su trayectoria y sus \u00e1reas de especializaci\u00f3n. \u00a1Ll\u00e1menos hoy mismo!","robots":{"index":"index","follow":"follow","max-snippet":"max-snippet:-1","max-image-preview":"max-image-preview:large","max-video-preview":"max-video-preview:-1"},"canonical":"https:\/\/www.onecalllegal.com\/es\/abogados\/","og_locale":"es_MX","og_type":"article","og_title":"Meet The Team | Combining Compassion and Expertise","og_description":"One Call Legal is a prominent law office in Miami, FL. Here, we highlight members of our legal team, their backgrounds, and fields of expertise. Call us today!","og_url":"https:\/\/www.onecalllegal.com\/es\/abogados\/","og_site_name":"OneCallLegal","article_modified_time":"2025-11-20T20:52:32+00:00","og_image":[{"width":820,"height":547,"url":"https:\/\/www.onecalllegal.com\/wp-content\/uploads\/2025\/09\/attorneys.jpg","type":"image\/jpeg"}],"twitter_card":"summary_large_image","twitter_misc":{"Tiempo de lectura":"7 minutos"},"schema":{"@context":"https:\/\/schema.org","@graph":[{"@type":"WebPage","@id":"https:\/\/www.onecalllegal.com\/attorneys\/","url":"https:\/\/www.onecalllegal.com\/attorneys\/","name":"Conozca al equipo | Combinando compasi\u00f3n y experiencia","isPartOf":{"@id":"https:\/\/www.onecalllegal.com\/#website"},"primaryImageOfPage":{"@id":"https:\/\/www.onecalllegal.com\/attorneys\/#primaryimage"},"image":{"@id":"https:\/\/www.onecalllegal.com\/attorneys\/#primaryimage"},"thumbnailUrl":"https:\/\/www.onecalllegal.com\/wp-content\/uploads\/2025\/09\/attorneys.jpg","datePublished":"2025-07-14T13:15:01+00:00","dateModified":"2025-11-20T20:52:32+00:00","description":"One Call Legal es un destacado despacho de abogados de Miami, Florida. A continuaci\u00f3n, presentamos a los miembros de nuestro equipo legal, su trayectoria y sus \u00e1reas de especializaci\u00f3n. \u00a1Ll\u00e1menos hoy mismo!","breadcrumb":{"@id":"https:\/\/www.onecalllegal.com\/attorneys\/#breadcrumb"},"inLanguage":"es","potentialAction":[{"@type":"ReadAction","target":["https:\/\/www.onecalllegal.com\/attorneys\/"]}]},{"@type":"ImageObject","inLanguage":"es","@id":"https:\/\/www.onecalllegal.com\/attorneys\/#primaryimage","url":"https:\/\/www.onecalllegal.com\/wp-content\/uploads\/2025\/09\/attorneys.jpg","contentUrl":"https:\/\/www.onecalllegal.com\/wp-content\/uploads\/2025\/09\/attorneys.jpg","width":820,"height":547},{"@type":"BreadcrumbList","@id":"https:\/\/www.onecalllegal.com\/attorneys\/#breadcrumb","itemListElement":[{"@type":"ListItem","position":1,"name":"Home","item":"https:\/\/www.onecalllegal.com\/"},{"@type":"ListItem","position":2,"name":"Attorneys"}]},{"@type":"WebSite","@id":"https:\/\/www.onecalllegal.com\/#website","url":"https:\/\/www.onecalllegal.com\/","name":"OneCallLegal","description":"","potentialAction":[{"@type":"SearchAction","target":{"@type":"EntryPoint","urlTemplate":"https:\/\/www.onecalllegal.com\/?s={search_term_string}"},"query-input":{"@type":"PropertyValueSpecification","valueRequired":true,"valueName":"search_term_string"}}],"inLanguage":"es"}]}},"_links":{"self":[{"href":"https:\/\/www.onecalllegal.com\/es\/wp-json\/wp\/v2\/pages\/19","targetHints":{"allow":["GET"]}}],"collection":[{"href":"https:\/\/www.onecalllegal.com\/es\/wp-json\/wp\/v2\/pages"}],"about":[{"href":"https:\/\/www.onecalllegal.com\/es\/wp-json\/wp\/v2\/types\/page"}],"author":[{"embeddable":true,"href":"https:\/\/www.onecalllegal.com\/es\/wp-json\/wp\/v2\/users\/1"}],"replies":[{"embeddable":true,"href":"https:\/\/www.onecalllegal.com\/es\/wp-json\/wp\/v2\/comments?post=19"}],"version-history":[{"count":52,"href":"https:\/\/www.onecalllegal.com\/es\/wp-json\/wp\/v2\/pages\/19\/revisions"}],"predecessor-version":[{"id":2222,"href":"https:\/\/www.onecalllegal.com\/es\/wp-json\/wp\/v2\/pages\/19\/revisions\/2222"}],"wp:featuredmedia":[{"embeddable":true,"href":"https:\/\/www.onecalllegal.com\/es\/wp-json\/wp\/v2\/media\/863"}],"wp:attachment":[{"href":"https:\/\/www.onecalllegal.com\/es\/wp-json\/wp\/v2\/media?parent=19"}],"curies":[{"name":"wp","href":"https:\/\/api.w.org\/{rel}","templated":true}]}}